{"id":7880,"date":"2023-09-27T22:01:42","date_gmt":"2023-09-27T19:01:42","guid":{"rendered":"https:\/\/turayazilim.com.tr\/meftek\/?page_id=7880"},"modified":"2025-11-10T08:42:51","modified_gmt":"2025-11-10T05:42:51","slug":"icra-komitesi","status":"publish","type":"page","link":"https:\/\/meftek.mef.edu.tr\/?page_id=7880","title":{"rendered":"De\u011ferlendirme Kurulu"},"content":{"rendered":"\t\t<div data-elementor-type=\"wp-page\" data-elementor-id=\"7880\" class=\"elementor elementor-7880\">\n\t\t\t\t\t\t<section class=\"elementor-section elementor-top-section elementor-element elementor-element-238c3065 elementor-section-content-middle elementor-section-boxed elementor-section-height-default elementor-section-height-default\" data-id=\"238c3065\" data-element_type=\"section\">\n\t\t\t\t\t\t<div class=\"elementor-container elementor-column-gap-custom\">\n\t\t\t\t\t<div class=\"elementor-column elementor-col-100 elementor-top-column elementor-element elementor-element-4c4027\" data-id=\"4c4027\" data-element_type=\"column\">\n\t\t\t<div class=\"elementor-widget-wrap elementor-element-populated\">\n\t\t\t\t\t\t<section class=\"elementor-section elementor-inner-section elementor-element elementor-element-3cbd0aef elementor-section-full_width elementor-section-height-default elementor-section-height-default\" data-id=\"3cbd0aef\" data-element_type=\"section\">\n\t\t\t\t\t\t<div class=\"elementor-container elementor-column-gap-default\">\n\t\t\t\t\t<div class=\"elementor-column elementor-col-100 elementor-inner-column elementor-element elementor-element-2b7a8009\" data-id=\"2b7a8009\" data-element_type=\"column\">\n\t\t\t<div class=\"elementor-widget-wrap elementor-element-populated\">\n\t\t\t\t\t\t<div class=\"elementor-element elementor-element-59e6a4e9 elementor-widget elementor-widget-hub_fancy_heading\" data-id=\"59e6a4e9\" data-element_type=\"widget\" data-widget_type=\"hub_fancy_heading.default\">\n\t\t\t\t<div class=\"elementor-widget-container\">\n\t\t\t\t\t\n\t\t<div id=\"ld-fancy-heading-69e991b103197\" class=\"ld-fancy-heading pos-rel\">\n\t\t\t<h1 class=\"ld-fh-element d-inline-block pos-rel  elementor-heading-title lqd-highlight-classic lqd-highlight-grow-left h1\"  > De\u011ferlendirme Kurulu<\/h1>\t\t<\/div>\n\n\t\t\t\t\t\t<\/div>\n\t\t\t\t<\/div>\n\t\t\t\t\t<\/div>\n\t\t<\/div>\n\t\t\t\t\t<\/div>\n\t\t<\/section>\n\t\t\t\t<section class=\"elementor-section elementor-inner-section elementor-element elementor-element-29e38edd elementor-section-boxed elementor-section-height-default elementor-section-height-default\" data-id=\"29e38edd\" data-element_type=\"section\">\n\t\t\t\t\t\t<div class=\"elementor-container elementor-column-gap-default\">\n\t\t\t\t\t<div class=\"elementor-column elementor-col-33 elementor-inner-column elementor-element elementor-element-62039a70\" data-id=\"62039a70\" data-element_type=\"column\">\n\t\t\t<div class=\"elementor-widget-wrap elementor-element-populated\">\n\t\t\t\t\t\t<div class=\"elementor-element elementor-element-40e59b45 elementor-widget elementor-widget-image\" data-id=\"40e59b45\" data-element_type=\"widget\" data-widget_type=\"image.default\">\n\t\t\t\t<div class=\"elementor-widget-container\">\n\t\t\t\t\t\t\t\t\t\t\t\t\t\t\t<img fetchpriority=\"high\" decoding=\"async\" width=\"780\" height=\"780\" src=\"https:\/\/meftek.mef.edu.tr\/wp-content\/uploads\/2024\/02\/muhammed-sahin-1024x1024.jpg\" class=\"attachment-large size-large wp-image-8443\" alt=\"\" srcset=\"https:\/\/meftek.mef.edu.tr\/wp-content\/uploads\/2024\/02\/muhammed-sahin-1024x1024.jpg 1024w, https:\/\/meftek.mef.edu.tr\/wp-content\/uploads\/2024\/02\/muhammed-sahin-300x300.jpg 300w, https:\/\/meftek.mef.edu.tr\/wp-content\/uploads\/2024\/02\/muhammed-sahin-150x150.jpg 150w, https:\/\/meftek.mef.edu.tr\/wp-content\/uploads\/2024\/02\/muhammed-sahin-320x320.jpg 320w, https:\/\/meftek.mef.edu.tr\/wp-content\/uploads\/2024\/02\/muhammed-sahin-760x760.jpg 760w, https:\/\/meftek.mef.edu.tr\/wp-content\/uploads\/2024\/02\/muhammed-sahin.jpg 1080w\" sizes=\"(max-width: 780px) 100vw, 780px\" \/>\t\t\t\t\t\t\t\t\t\t\t\t\t\t\t<\/div>\n\t\t\t\t<\/div>\n\t\t\t\t<div class=\"elementor-element elementor-element-2496c00 elementor-widget elementor-widget-hub_fancy_heading\" data-id=\"2496c00\" data-element_type=\"widget\" data-widget_type=\"hub_fancy_heading.default\">\n\t\t\t\t<div class=\"elementor-widget-container\">\n\t\t\t\t\t\n\t\t<div id=\"ld-fancy-heading-69e991b1035cc\" class=\"ld-fancy-heading pos-rel\">\n\t\t\t<h4 class=\"ld-fh-element d-inline-block pos-rel  elementor-heading-title lqd-highlight-classic lqd-highlight-grow-left h4\"  > Prof. Dr. Muhammed \u015eAH\u0130N<\/h4>\t\t<\/div>\n\n\t\t\t\t\t\t<\/div>\n\t\t\t\t<\/div>\n\t\t\t\t<div class=\"elementor-element elementor-element-42850c7f elementor-widget__width-auto elementor-widget elementor-widget-hub_fancy_heading\" data-id=\"42850c7f\" data-element_type=\"widget\" data-widget_type=\"hub_fancy_heading.default\">\n\t\t\t\t<div class=\"elementor-widget-container\">\n\t\t\t\t\t\n\t\t<div id=\"ld-fancy-heading-69e991b10397a\" class=\"ld-fancy-heading pos-rel\">\n\t\t\t<h6 class=\"ld-fh-element d-inline-block pos-rel  elementor-heading-title lqd-highlight-classic lqd-highlight-grow-left h6\"  > De\u011ferlendirme Kurulu \u00dcyesi<\/h6>\t\t<\/div>\n\n\t\t\t\t\t\t<\/div>\n\t\t\t\t<\/div>\n\t\t\t\t\t<\/div>\n\t\t<\/div>\n\t\t\t\t<div class=\"elementor-column elementor-col-33 elementor-inner-column elementor-element elementor-element-f12ea61\" data-id=\"f12ea61\" data-element_type=\"column\">\n\t\t\t<div class=\"elementor-widget-wrap elementor-element-populated\">\n\t\t\t\t\t\t<div class=\"elementor-element elementor-element-292943f elementor-widget elementor-widget-image\" data-id=\"292943f\" data-element_type=\"widget\" data-widget_type=\"image.default\">\n\t\t\t\t<div class=\"elementor-widget-container\">\n\t\t\t\t\t\t\t\t\t\t\t\t\t\t\t<img decoding=\"async\" width=\"780\" height=\"780\" src=\"data:image\/svg+xml;charset=utf-8,%3Csvg xmlns%3D&#039;http%3A%2F%2Fwww.w3.org%2F2000%2Fsvg&#039; viewBox%3D&#039;0 0 1024 1024&#039;%2F%3E\" class=\"attachment-large size-large wp-image-8595 ld-lazyload\" alt=\"\" data-src=\"https:\/\/meftek.mef.edu.tr\/wp-content\/uploads\/2025\/11\/Prof.-Dr.-Muhittin-Gokmen--1024x1024.jpg\" data-srcset=\"https:\/\/meftek.mef.edu.tr\/wp-content\/uploads\/2025\/11\/Prof.-Dr.-Muhittin-Gokmen--1024x1024.jpg 1024w, https:\/\/meftek.mef.edu.tr\/wp-content\/uploads\/2025\/11\/Prof.-Dr.-Muhittin-Gokmen--300x300.jpg 300w, https:\/\/meftek.mef.edu.tr\/wp-content\/uploads\/2025\/11\/Prof.-Dr.-Muhittin-Gokmen--150x150.jpg 150w, https:\/\/meftek.mef.edu.tr\/wp-content\/uploads\/2025\/11\/Prof.-Dr.-Muhittin-Gokmen--320x320.jpg 320w, https:\/\/meftek.mef.edu.tr\/wp-content\/uploads\/2025\/11\/Prof.-Dr.-Muhittin-Gokmen--760x760.jpg 760w, https:\/\/meftek.mef.edu.tr\/wp-content\/uploads\/2025\/11\/Prof.-Dr.-Muhittin-Gokmen-.jpg 1080w\" data-sizes=\"(max-width: 780px) 100vw, 780px\" data-aspect=\"1\" \/>\t\t\t\t\t\t\t\t\t\t\t\t\t\t\t<\/div>\n\t\t\t\t<\/div>\n\t\t\t\t<div class=\"elementor-element elementor-element-f802664 elementor-widget elementor-widget-hub_fancy_heading\" data-id=\"f802664\" data-element_type=\"widget\" data-widget_type=\"hub_fancy_heading.default\">\n\t\t\t\t<div class=\"elementor-widget-container\">\n\t\t\t\t\t\n\t\t<div id=\"ld-fancy-heading-69e991b103ccf\" class=\"ld-fancy-heading pos-rel\">\n\t\t\t<h4 class=\"ld-fh-element d-inline-block pos-rel  elementor-heading-title lqd-highlight-classic lqd-highlight-grow-left h4\"  > Prof. Dr. Muhittin G\u00f6kmen<\/h4>\t\t<\/div>\n\n\t\t\t\t\t\t<\/div>\n\t\t\t\t<\/div>\n\t\t\t\t<div class=\"elementor-element elementor-element-34eb41c elementor-widget__width-auto elementor-widget elementor-widget-hub_fancy_heading\" data-id=\"34eb41c\" data-element_type=\"widget\" data-widget_type=\"hub_fancy_heading.default\">\n\t\t\t\t<div class=\"elementor-widget-container\">\n\t\t\t\t\t\n\t\t<div id=\"ld-fancy-heading-69e991b104034\" class=\"ld-fancy-heading pos-rel\">\n\t\t\t<h6 class=\"ld-fh-element d-inline-block pos-rel  elementor-heading-title lqd-highlight-classic lqd-highlight-grow-left h6\"  > De\u011ferlendirme Kurulu \u00dcyesi<\/h6>\t\t<\/div>\n\n\t\t\t\t\t\t<\/div>\n\t\t\t\t<\/div>\n\t\t\t\t\t<\/div>\n\t\t<\/div>\n\t\t\t\t<div class=\"elementor-column elementor-col-33 elementor-inner-column elementor-element elementor-element-e94d2e5\" data-id=\"e94d2e5\" data-element_type=\"column\">\n\t\t\t<div class=\"elementor-widget-wrap elementor-element-populated\">\n\t\t\t\t\t\t<div class=\"elementor-element elementor-element-3b7116e elementor-widget elementor-widget-image\" data-id=\"3b7116e\" data-element_type=\"widget\" data-widget_type=\"image.default\">\n\t\t\t\t<div class=\"elementor-widget-container\">\n\t\t\t\t\t\t\t\t\t\t\t\t\t\t\t<img decoding=\"async\" width=\"780\" height=\"780\" src=\"data:image\/svg+xml;charset=utf-8,%3Csvg xmlns%3D&#039;http%3A%2F%2Fwww.w3.org%2F2000%2Fsvg&#039; viewBox%3D&#039;0 0 1024 1024&#039;%2F%3E\" class=\"attachment-large size-large wp-image-8389 ld-lazyload\" alt=\"\" data-src=\"https:\/\/meftek.mef.edu.tr\/wp-content\/uploads\/2024\/02\/Asli-Erinc-Unal-1024x1024.jpg\" data-srcset=\"https:\/\/meftek.mef.edu.tr\/wp-content\/uploads\/2024\/02\/Asli-Erinc-Unal-1024x1024.jpg 1024w, https:\/\/meftek.mef.edu.tr\/wp-content\/uploads\/2024\/02\/Asli-Erinc-Unal-300x300.jpg 300w, https:\/\/meftek.mef.edu.tr\/wp-content\/uploads\/2024\/02\/Asli-Erinc-Unal-150x150.jpg 150w, https:\/\/meftek.mef.edu.tr\/wp-content\/uploads\/2024\/02\/Asli-Erinc-Unal-320x320.jpg 320w, https:\/\/meftek.mef.edu.tr\/wp-content\/uploads\/2024\/02\/Asli-Erinc-Unal-760x760.jpg 760w, https:\/\/meftek.mef.edu.tr\/wp-content\/uploads\/2024\/02\/Asli-Erinc-Unal.jpg 1080w\" data-sizes=\"(max-width: 780px) 100vw, 780px\" data-aspect=\"1\" \/>\t\t\t\t\t\t\t\t\t\t\t\t\t\t\t<\/div>\n\t\t\t\t<\/div>\n\t\t\t\t<div class=\"elementor-element elementor-element-16e0b18 elementor-widget elementor-widget-hub_fancy_heading\" data-id=\"16e0b18\" data-element_type=\"widget\" data-widget_type=\"hub_fancy_heading.default\">\n\t\t\t\t<div class=\"elementor-widget-container\">\n\t\t\t\t\t\n\t\t<div id=\"ld-fancy-heading-69e991b104376\" class=\"ld-fancy-heading pos-rel\">\n\t\t\t<h4 class=\"ld-fh-element d-inline-block pos-rel  elementor-heading-title lqd-highlight-classic lqd-highlight-grow-left h4\"  > Asl\u0131 ER\u0130N\u00c7 \u00dcNAL<\/h4>\t\t<\/div>\n\n\t\t\t\t\t\t<\/div>\n\t\t\t\t<\/div>\n\t\t\t\t<div class=\"elementor-element elementor-element-f74671b elementor-widget__width-auto elementor-widget elementor-widget-hub_fancy_heading\" data-id=\"f74671b\" data-element_type=\"widget\" data-widget_type=\"hub_fancy_heading.default\">\n\t\t\t\t<div class=\"elementor-widget-container\">\n\t\t\t\t\t\n\t\t<div id=\"ld-fancy-heading-69e991b1046d8\" class=\"ld-fancy-heading pos-rel\">\n\t\t\t<h6 class=\"ld-fh-element d-inline-block pos-rel  elementor-heading-title lqd-highlight-classic lqd-highlight-grow-left h6\"  > De\u011ferlendirme Kurulu \u00dcyesi<\/h6>\t\t<\/div>\n\n\t\t\t\t\t\t<\/div>\n\t\t\t\t<\/div>\n\t\t\t\t\t<\/div>\n\t\t<\/div>\n\t\t\t\t\t<\/div>\n\t\t<\/section>\n\t\t\t\t<section class=\"elementor-section elementor-inner-section elementor-element elementor-element-4bb0243 elementor-section-boxed elementor-section-height-default elementor-section-height-default\" data-id=\"4bb0243\" data-element_type=\"section\">\n\t\t\t\t\t\t<div class=\"elementor-container elementor-column-gap-default\">\n\t\t\t\t\t<div class=\"elementor-column elementor-col-33 elementor-inner-column elementor-element elementor-element-48a43f8\" data-id=\"48a43f8\" data-element_type=\"column\">\n\t\t\t<div class=\"elementor-widget-wrap elementor-element-populated\">\n\t\t\t\t\t\t<div class=\"elementor-element elementor-element-0e89132 elementor-widget elementor-widget-image\" data-id=\"0e89132\" data-element_type=\"widget\" data-widget_type=\"image.default\">\n\t\t\t\t<div class=\"elementor-widget-container\">\n\t\t\t\t\t\t\t\t\t\t\t\t\t\t\t<img loading=\"lazy\" decoding=\"async\" width=\"780\" height=\"780\" src=\"data:image\/svg+xml;charset=utf-8,%3Csvg xmlns%3D&#039;http%3A%2F%2Fwww.w3.org%2F2000%2Fsvg&#039; viewBox%3D&#039;0 0 1024 1024&#039;%2F%3E\" class=\"attachment-large size-large wp-image-8499 ld-lazyload\" alt=\"\" data-src=\"https:\/\/meftek.mef.edu.tr\/wp-content\/uploads\/2024\/09\/metin-yilmaz-1024x1024.jpg\" data-srcset=\"https:\/\/meftek.mef.edu.tr\/wp-content\/uploads\/2024\/09\/metin-yilmaz-1024x1024.jpg 1024w, https:\/\/meftek.mef.edu.tr\/wp-content\/uploads\/2024\/09\/metin-yilmaz-300x300.jpg 300w, https:\/\/meftek.mef.edu.tr\/wp-content\/uploads\/2024\/09\/metin-yilmaz-150x150.jpg 150w, https:\/\/meftek.mef.edu.tr\/wp-content\/uploads\/2024\/09\/metin-yilmaz-320x320.jpg 320w, https:\/\/meftek.mef.edu.tr\/wp-content\/uploads\/2024\/09\/metin-yilmaz-760x760.jpg 760w, https:\/\/meftek.mef.edu.tr\/wp-content\/uploads\/2024\/09\/metin-yilmaz.jpg 1080w\" data-sizes=\"(max-width: 780px) 100vw, 780px\" data-aspect=\"1\" \/>\t\t\t\t\t\t\t\t\t\t\t\t\t\t\t<\/div>\n\t\t\t\t<\/div>\n\t\t\t\t<div class=\"elementor-element elementor-element-329cdee elementor-widget elementor-widget-hub_fancy_heading\" data-id=\"329cdee\" data-element_type=\"widget\" data-widget_type=\"hub_fancy_heading.default\">\n\t\t\t\t<div class=\"elementor-widget-container\">\n\t\t\t\t\t\n\t\t<div id=\"ld-fancy-heading-69e991b104a3a\" class=\"ld-fancy-heading pos-rel\">\n\t\t\t<h4 class=\"ld-fh-element d-inline-block pos-rel  elementor-heading-title lqd-highlight-classic lqd-highlight-grow-left h4\"  > Dr. Metin YILMAZ<\/h4>\t\t<\/div>\n\n\t\t\t\t\t\t<\/div>\n\t\t\t\t<\/div>\n\t\t\t\t<div class=\"elementor-element elementor-element-f0fa939 elementor-widget__width-auto elementor-widget elementor-widget-hub_fancy_heading\" data-id=\"f0fa939\" data-element_type=\"widget\" data-widget_type=\"hub_fancy_heading.default\">\n\t\t\t\t<div class=\"elementor-widget-container\">\n\t\t\t\t\t\n\t\t<div id=\"ld-fancy-heading-69e991b104d9c\" class=\"ld-fancy-heading pos-rel\">\n\t\t\t<h6 class=\"ld-fh-element d-inline-block pos-rel  elementor-heading-title lqd-highlight-classic lqd-highlight-grow-left h6\"  > De\u011ferlendirme Kurulu \u00dcyesi<\/h6>\t\t<\/div>\n\n\t\t\t\t\t\t<\/div>\n\t\t\t\t<\/div>\n\t\t\t\t\t<\/div>\n\t\t<\/div>\n\t\t\t\t<div class=\"elementor-column elementor-col-33 elementor-inner-column elementor-element elementor-element-9b7225b\" data-id=\"9b7225b\" data-element_type=\"column\">\n\t\t\t<div class=\"elementor-widget-wrap elementor-element-populated\">\n\t\t\t\t\t\t<div class=\"elementor-element elementor-element-3232b23 elementor-widget elementor-widget-image\" data-id=\"3232b23\" data-element_type=\"widget\" data-widget_type=\"image.default\">\n\t\t\t\t<div class=\"elementor-widget-container\">\n\t\t\t\t\t\t\t\t\t\t\t\t\t\t\t<img loading=\"lazy\" decoding=\"async\" width=\"780\" height=\"439\" src=\"data:image\/svg+xml;charset=utf-8,%3Csvg xmlns%3D&#039;http%3A%2F%2Fwww.w3.org%2F2000%2Fsvg&#039; viewBox%3D&#039;0 0 1024 576&#039;%2F%3E\" class=\"attachment-large size-large wp-image-8546 ld-lazyload\" alt=\"\" data-src=\"https:\/\/meftek.mef.edu.tr\/wp-content\/uploads\/2019\/10\/kosgeb-logolar-25-1024x576.png\" data-srcset=\"https:\/\/meftek.mef.edu.tr\/wp-content\/uploads\/2019\/10\/kosgeb-logolar-25-1024x576.png 1024w, https:\/\/meftek.mef.edu.tr\/wp-content\/uploads\/2019\/10\/kosgeb-logolar-25-300x169.png 300w, https:\/\/meftek.mef.edu.tr\/wp-content\/uploads\/2019\/10\/kosgeb-logolar-25-1536x864.png 1536w, https:\/\/meftek.mef.edu.tr\/wp-content\/uploads\/2019\/10\/kosgeb-logolar-25-2048x1152.png 2048w\" data-sizes=\"(max-width: 780px) 100vw, 780px\" data-aspect=\"1.7777777777778\" \/>\t\t\t\t\t\t\t\t\t\t\t\t\t\t\t<\/div>\n\t\t\t\t<\/div>\n\t\t\t\t<div class=\"elementor-element elementor-element-026f4b5 elementor-widget elementor-widget-hub_fancy_heading\" data-id=\"026f4b5\" data-element_type=\"widget\" data-widget_type=\"hub_fancy_heading.default\">\n\t\t\t\t<div class=\"elementor-widget-container\">\n\t\t\t\t\t\n\t\t<div id=\"ld-fancy-heading-69e991b105200\" class=\"ld-fancy-heading pos-rel\">\n\t\t\t<h4 class=\"ld-fh-element d-inline-block pos-rel  elementor-heading-title lqd-highlight-classic lqd-highlight-grow-left h4\"  > KOSGEB<\/h4>\t\t<\/div>\n\n\t\t\t\t\t\t<\/div>\n\t\t\t\t<\/div>\n\t\t\t\t<div class=\"elementor-element elementor-element-3613a00 elementor-widget__width-auto elementor-widget elementor-widget-hub_fancy_heading\" data-id=\"3613a00\" data-element_type=\"widget\" data-widget_type=\"hub_fancy_heading.default\">\n\t\t\t\t<div class=\"elementor-widget-container\">\n\t\t\t\t\t\n\t\t<div id=\"ld-fancy-heading-69e991b105578\" class=\"ld-fancy-heading pos-rel\">\n\t\t\t<h6 class=\"ld-fh-element d-inline-block pos-rel  elementor-heading-title lqd-highlight-classic lqd-highlight-grow-left h6\"  > Birim M\u00fcd\u00fcr\u00fc\n<\/h6>\t\t<\/div>\n\n\t\t\t\t\t\t<\/div>\n\t\t\t\t<\/div>\n\t\t\t\t\t<\/div>\n\t\t<\/div>\n\t\t\t\t<div class=\"elementor-column elementor-col-33 elementor-inner-column elementor-element elementor-element-497f1a4\" data-id=\"497f1a4\" data-element_type=\"column\">\n\t\t\t<div class=\"elementor-widget-wrap\">\n\t\t\t\t\t\t\t<\/div>\n\t\t<\/div>\n\t\t\t\t\t<\/div>\n\t\t<\/section>\n\t\t\t\t\t<\/div>\n\t\t<\/div>\n\t\t\t\t\t<\/div>\n\t\t<\/section>\n\t\t\t\t<\/div>\n\t\t","protected":false},"excerpt":{"rendered":"<p>De\u011ferlendirme Kurulu Prof. Dr. Muhammed \u015eAH\u0130N De\u011ferlendirme Kurulu \u00dcyesi Prof. Dr. Muhittin G\u00f6kmen De\u011ferlendirme Kurulu \u00dcyesi Asl\u0131 ER\u0130N\u00c7 \u00dcNAL De\u011ferlendirme Kurulu \u00dcyesi Dr. Metin YILMAZ De\u011ferlendirme Kurulu \u00dcyesi KOSGEB Birim M\u00fcd\u00fcr\u00fc<\/p>\n","protected":false},"author":1,"featured_media":0,"parent":0,"menu_order":0,"comment_status":"closed","ping_status":"closed","template":"","meta":{"footnotes":""},"class_list":["post-7880","page","type-page","status-publish","hentry"],"_links":{"self":[{"href":"https:\/\/meftek.mef.edu.tr\/index.php?rest_route=\/wp\/v2\/pages\/7880","targetHints":{"allow":["GET"]}}],"collection":[{"href":"https:\/\/meftek.mef.edu.tr\/index.php?rest_route=\/wp\/v2\/pages"}],"about":[{"href":"https:\/\/meftek.mef.edu.tr\/index.php?rest_route=\/wp\/v2\/types\/page"}],"author":[{"embeddable":true,"href":"https:\/\/meftek.mef.edu.tr\/index.php?rest_route=\/wp\/v2\/users\/1"}],"replies":[{"embeddable":true,"href":"https:\/\/meftek.mef.edu.tr\/index.php?rest_route=%2Fwp%2Fv2%2Fcomments&post=7880"}],"version-history":[{"count":58,"href":"https:\/\/meftek.mef.edu.tr\/index.php?rest_route=\/wp\/v2\/pages\/7880\/revisions"}],"predecessor-version":[{"id":8601,"href":"https:\/\/meftek.mef.edu.tr\/index.php?rest_route=\/wp\/v2\/pages\/7880\/revisions\/8601"}],"wp:attachment":[{"href":"https:\/\/meftek.mef.edu.tr\/index.php?rest_route=%2Fwp%2Fv2%2Fmedia&parent=7880"}],"curies":[{"name":"wp","href":"https:\/\/api.w.org\/{rel}","templated":true}]}}