{"id":8028,"date":"2023-09-28T09:41:20","date_gmt":"2023-09-28T06:41:20","guid":{"rendered":"https:\/\/turayazilim.com.tr\/meftek\/?page_id=8028"},"modified":"2023-09-28T17:22:09","modified_gmt":"2023-09-28T14:22:09","slug":"atolye-imkanlari","status":"publish","type":"page","link":"https:\/\/meftek.mef.edu.tr\/?page_id=8028","title":{"rendered":"At\u00f6lye \u0130mkanlar\u0131"},"content":{"rendered":"\t\t<div data-elementor-type=\"wp-page\" data-elementor-id=\"8028\" class=\"elementor elementor-8028\">\n\t\t\t\t\t\t<section class=\"elementor-section elementor-top-section elementor-element elementor-element-238c3065 elementor-section-content-middle elementor-section-boxed elementor-section-height-default elementor-section-height-default\" data-id=\"238c3065\" data-element_type=\"section\">\n\t\t\t\t\t\t<div class=\"elementor-container elementor-column-gap-custom\">\n\t\t\t\t\t<div class=\"elementor-column elementor-col-50 elementor-top-column elementor-element elementor-element-5018f1f7\" data-id=\"5018f1f7\" data-element_type=\"column\">\n\t\t\t<div class=\"elementor-widget-wrap elementor-element-populated\">\n\t\t\t\t\t\t<div class=\"elementor-element elementor-element-533c95c elementor-widget elementor-widget-hub_fancy_heading\" data-id=\"533c95c\" data-element_type=\"widget\" data-widget_type=\"hub_fancy_heading.default\">\n\t\t\t\t<div class=\"elementor-widget-container\">\n\t\t\t\t\t\n\t\t<div id=\"ld-fancy-heading-69e97d8f564dc\" class=\"ld-fancy-heading pos-rel\">\n\t\t\t<h2 class=\"ld-fh-element d-inline-block pos-rel  elementor-heading-title lqd-highlight-classic lqd-highlight-grow-left h2\"  > At\u00f6lye \u0130mkanlar\u0131<\/h2>\t\t<\/div>\n\n\t\t\t\t\t\t<\/div>\n\t\t\t\t<\/div>\n\t\t\t\t<div class=\"elementor-element elementor-element-644bbe0 elementor-widget elementor-widget-hub_fancy_heading\" data-id=\"644bbe0\" data-element_type=\"widget\" data-widget_type=\"hub_fancy_heading.default\">\n\t\t\t\t<div class=\"elementor-widget-container\">\n\t\t\t\t\t\n\t\t<div id=\"ld-fancy-heading-69e97d8f5689c\" class=\"ld-fancy-heading pos-rel\">\n\t\t\t<p class=\"ld-fh-element d-inline-block pos-rel  lqd-highlight-classic lqd-highlight-grow-left p\"  > 1. XR LAB MEFTEK b\u00fcnyesinde faaliyetlerini s\u00fcrd\u00fcren giri\u015fimci\/i\u015fletmelerin geni\u015fletilmi\u015f ger\u00e7eklik(XR) alan\u0131ndaki Ar-Ge faaliyetlerini y\u00fcr\u00fctmeleri i\u00e7in XR LAB i\u00e7erisinde bir \u00e7ok te\u00e7hizat ve altyap\u0131 giri\u015fimcilerin kullan\u0131m\u0131na sunulmaktad\u0131r.<br><br>\n\n2. Prototyping LAB MEFTEK\u2019de bulunan giri\u015fimcilerin \u00fccretsiz yararlanabilece\u011fi m\u00fc\u015fteri do\u011frulama ve \u00fcr\u00fcn geli\u015ftirme s\u00fcre\u00e7lerinde modelleme ve \u00f6n prototipleme imkan\u0131 sunan alt yap\u0131 ile haz\u0131rlanm\u0131\u015f Prototyping Lab bulunmaktad\u0131r. Giri\u015fimcilere tasar\u0131mlar\u0131n\u0131 \u00fcretebilecekleri ve test edecekleri imkan sa\u011flanmaktad\u0131r.<\/p>\t\t<\/div>\n\n\t\t\t\t\t\t<\/div>\n\t\t\t\t<\/div>\n\t\t\t\t\t<\/div>\n\t\t<\/div>\n\t\t\t\t<div class=\"elementor-column elementor-col-50 elementor-top-column elementor-element elementor-element-705f4ab3\" data-id=\"705f4ab3\" data-element_type=\"column\">\n\t\t\t<div class=\"elementor-widget-wrap elementor-element-populated\">\n\t\t\t\t\t\t<div class=\"elementor-element elementor-element-7967035 elementor-widget elementor-widget-ld_throwable pointer-events-none\" data-id=\"7967035\" data-element_type=\"widget\" data-widget_type=\"ld_throwable.default\">\n\t\t\t\t<div class=\"elementor-widget-container\">\n\t\t\t\t\t\t\t\t<div class=\"lqd-throwable-scene pos-rel pointer-events-none overflow-hidden\" data-lqd-throwable-scene=\"true\" data-throwable-options=\"{&quot;roundness&quot;:null}\">\n\t\t\t\t<p class=\"lqd-throwable-element d-inline-block pos-abs pos-tl ws-nowrap m-0 pointer-events-auto user-select-none elementor-repeater-item-6ca03fc\" data-lqd-throwable-el style=\"opacity: 0;\">\n\t\t\t\t\t\t<span class=\"lqd-throwable-element-rot d-inline-block\">Ofis\/Masa Deste\u011fi<\/span>\n\t\t\t\t\t\t<\/p><p class=\"lqd-throwable-element d-inline-block pos-abs pos-tl ws-nowrap m-0 pointer-events-auto user-select-none elementor-repeater-item-3f87085\" data-lqd-throwable-el style=\"opacity: 0;\">\n\t\t\t\t\t\t<span class=\"lqd-throwable-element-rot d-inline-block\">Mentorluk Deste\u011fi<\/span>\n\t\t\t\t\t\t<\/p><p class=\"lqd-throwable-element d-inline-block pos-abs pos-tl ws-nowrap m-0 pointer-events-auto user-select-none elementor-repeater-item-63c5a06\" data-lqd-throwable-el style=\"opacity: 0;\">\n\t\t\t\t\t\t<span class=\"lqd-throwable-element-rot d-inline-block\"> Yat\u0131r\u0131mc\u0131 A\u011f\u0131na Eri\u015fim<\/span>\n\t\t\t\t\t\t<\/p><p class=\"lqd-throwable-element d-inline-block pos-abs pos-tl ws-nowrap m-0 pointer-events-auto user-select-none elementor-repeater-item-ea15b16\" data-lqd-throwable-el style=\"opacity: 0;\">\n\t\t\t\t\t\t<span class=\"lqd-throwable-element-rot d-inline-block\">At\u00f6lye \u0130mkanlar\u0131:<\/span>\n\t\t\t\t\t\t<\/p><p class=\"lqd-throwable-element d-inline-block pos-abs pos-tl ws-nowrap m-0 pointer-events-auto user-select-none elementor-repeater-item-08275d0\" data-lqd-throwable-el style=\"opacity: 0;\">\n\t\t\t\t\t\t<span class=\"lqd-throwable-element-rot d-inline-block\">Altyap\u0131 Deste\u011fi<\/span>\n\t\t\t\t\t\t<\/p><p class=\"lqd-throwable-element d-inline-block pos-abs pos-tl ws-nowrap m-0 pointer-events-auto user-select-none elementor-repeater-item-d6d4546\" data-lqd-throwable-el style=\"opacity: 0;\">\n\t\t\t\t\t\t<span class=\"lqd-throwable-element-rot d-inline-block\">Etkinlik Alan\u0131<\/span>\n\t\t\t\t\t\t<\/p><p class=\"lqd-throwable-element d-inline-block pos-abs pos-tl ws-nowrap m-0 pointer-events-auto user-select-none elementor-repeater-item-af3de4e\" data-lqd-throwable-el style=\"opacity: 0;\">\n\t\t\t\t\t\t<span class=\"lqd-throwable-element-rot d-inline-block\"> Toplant\u0131 ve Etkinlik Alan\u0131<\/span>\n\t\t\t\t\t\t<\/p><p class=\"lqd-throwable-element d-inline-block pos-abs pos-tl ws-nowrap m-0 pointer-events-auto user-select-none elementor-repeater-item-5a7d2e4\" data-lqd-throwable-el style=\"opacity: 0;\">\n\t\t\t\t\t\t<span class=\"lqd-throwable-element-rot d-inline-block\">MEFTEK St\u00fcdyo<\/span>\n\t\t\t\t\t\t<\/p>\t\t\t<\/div>\n\t\t\t\t\t\t<\/div>\n\t\t\t\t<\/div>\n\t\t\t\t\t<\/div>\n\t\t<\/div>\n\t\t\t\t\t<\/div>\n\t\t<\/section>\n\t\t\t\t<\/div>\n\t\t","protected":false},"excerpt":{"rendered":"<p>At\u00f6lye \u0130mkanlar\u0131 1. XR LAB MEFTEK b\u00fcnyesinde faaliyetlerini s\u00fcrd\u00fcren giri\u015fimci\/i\u015fletmelerin geni\u015fletilmi\u015f ger\u00e7eklik(XR) alan\u0131ndaki Ar-Ge faaliyetlerini y\u00fcr\u00fctmeleri i\u00e7in XR LAB i\u00e7erisinde bir \u00e7ok te\u00e7hizat ve altyap\u0131 giri\u015fimcilerin kullan\u0131m\u0131na sunulmaktad\u0131r. 2. Prototyping LAB MEFTEK\u2019de bulunan giri\u015fimcilerin \u00fccretsiz yararlanabilece\u011fi m\u00fc\u015fteri do\u011frulama ve \u00fcr\u00fcn geli\u015ftirme s\u00fcre\u00e7lerinde modelleme ve \u00f6n prototipleme imkan\u0131 sunan alt yap\u0131 ile haz\u0131rlanm\u0131\u015f Prototyping Lab bulunmaktad\u0131r. [&hellip;]<\/p>\n","protected":false},"author":1,"featured_media":0,"parent":0,"menu_order":0,"comment_status":"closed","ping_status":"closed","template":"","meta":{"footnotes":""},"class_list":["post-8028","page","type-page","status-publish","hentry"],"_links":{"self":[{"href":"https:\/\/meftek.mef.edu.tr\/index.php?rest_route=\/wp\/v2\/pages\/8028","targetHints":{"allow":["GET"]}}],"collection":[{"href":"https:\/\/meftek.mef.edu.tr\/index.php?rest_route=\/wp\/v2\/pages"}],"about":[{"href":"https:\/\/meftek.mef.edu.tr\/index.php?rest_route=\/wp\/v2\/types\/page"}],"author":[{"embeddable":true,"href":"https:\/\/meftek.mef.edu.tr\/index.php?rest_route=\/wp\/v2\/users\/1"}],"replies":[{"embeddable":true,"href":"https:\/\/meftek.mef.edu.tr\/index.php?rest_route=%2Fwp%2Fv2%2Fcomments&post=8028"}],"version-history":[{"count":11,"href":"https:\/\/meftek.mef.edu.tr\/index.php?rest_route=\/wp\/v2\/pages\/8028\/revisions"}],"predecessor-version":[{"id":8175,"href":"https:\/\/meftek.mef.edu.tr\/index.php?rest_route=\/wp\/v2\/pages\/8028\/revisions\/8175"}],"wp:attachment":[{"href":"https:\/\/meftek.mef.edu.tr\/index.php?rest_route=%2Fwp%2Fv2%2Fmedia&parent=8028"}],"curies":[{"name":"wp","href":"https:\/\/api.w.org\/{rel}","templated":true}]}}