{"id":8046,"date":"2023-09-28T09:46:06","date_gmt":"2023-09-28T06:46:06","guid":{"rendered":"https:\/\/turayazilim.com.tr\/meftek\/?page_id=8046"},"modified":"2023-09-28T17:55:59","modified_gmt":"2023-09-28T14:55:59","slug":"toplanti-ve-etkinlik-alani","status":"publish","type":"page","link":"https:\/\/meftek.mef.edu.tr\/?page_id=8046","title":{"rendered":"Toplant\u0131 ve Etkinlik Alan\u0131"},"content":{"rendered":"\t\t<div data-elementor-type=\"wp-page\" data-elementor-id=\"8046\" class=\"elementor elementor-8046\">\n\t\t\t\t\t\t<section class=\"elementor-section elementor-top-section elementor-element elementor-element-238c3065 elementor-section-content-middle elementor-section-boxed elementor-section-height-default elementor-section-height-default\" data-id=\"238c3065\" data-element_type=\"section\">\n\t\t\t\t\t\t<div class=\"elementor-container elementor-column-gap-custom\">\n\t\t\t\t\t<div class=\"elementor-column elementor-col-50 elementor-top-column elementor-element elementor-element-705f4ab3\" data-id=\"705f4ab3\" data-element_type=\"column\">\n\t\t\t<div class=\"elementor-widget-wrap elementor-element-populated\">\n\t\t\t\t\t\t<div class=\"elementor-element elementor-element-7967035 elementor-widget elementor-widget-ld_throwable pointer-events-none\" data-id=\"7967035\" data-element_type=\"widget\" data-widget_type=\"ld_throwable.default\">\n\t\t\t\t<div class=\"elementor-widget-container\">\n\t\t\t\t\t\t\t\t<div class=\"lqd-throwable-scene pos-rel pointer-events-none overflow-hidden\" data-lqd-throwable-scene=\"true\" data-throwable-options=\"{&quot;roundness&quot;:null}\">\n\t\t\t\t<p class=\"lqd-throwable-element d-inline-block pos-abs pos-tl ws-nowrap m-0 pointer-events-auto user-select-none elementor-repeater-item-6ca03fc\" data-lqd-throwable-el style=\"opacity: 0;\">\n\t\t\t\t\t\t<span class=\"lqd-throwable-element-rot d-inline-block\">Ofis\/Masa Deste\u011fi<\/span>\n\t\t\t\t\t\t<\/p><p class=\"lqd-throwable-element d-inline-block pos-abs pos-tl ws-nowrap m-0 pointer-events-auto user-select-none elementor-repeater-item-3f87085\" data-lqd-throwable-el style=\"opacity: 0;\">\n\t\t\t\t\t\t<span class=\"lqd-throwable-element-rot d-inline-block\">Mentorluk Deste\u011fi<\/span>\n\t\t\t\t\t\t<\/p><p class=\"lqd-throwable-element d-inline-block pos-abs pos-tl ws-nowrap m-0 pointer-events-auto user-select-none elementor-repeater-item-63c5a06\" data-lqd-throwable-el style=\"opacity: 0;\">\n\t\t\t\t\t\t<span class=\"lqd-throwable-element-rot d-inline-block\"> Yat\u0131r\u0131mc\u0131 A\u011f\u0131na Eri\u015fim<\/span>\n\t\t\t\t\t\t<\/p><p class=\"lqd-throwable-element d-inline-block pos-abs pos-tl ws-nowrap m-0 pointer-events-auto user-select-none elementor-repeater-item-ea15b16\" data-lqd-throwable-el style=\"opacity: 0;\">\n\t\t\t\t\t\t<span class=\"lqd-throwable-element-rot d-inline-block\">At\u00f6lye \u0130mkanlar\u0131:<\/span>\n\t\t\t\t\t\t<\/p><p class=\"lqd-throwable-element d-inline-block pos-abs pos-tl ws-nowrap m-0 pointer-events-auto user-select-none elementor-repeater-item-08275d0\" data-lqd-throwable-el style=\"opacity: 0;\">\n\t\t\t\t\t\t<span class=\"lqd-throwable-element-rot d-inline-block\">Altyap\u0131 Deste\u011fi<\/span>\n\t\t\t\t\t\t<\/p><p class=\"lqd-throwable-element d-inline-block pos-abs pos-tl ws-nowrap m-0 pointer-events-auto user-select-none elementor-repeater-item-d6d4546\" data-lqd-throwable-el style=\"opacity: 0;\">\n\t\t\t\t\t\t<span class=\"lqd-throwable-element-rot d-inline-block\">Etkinlik Alan\u0131<\/span>\n\t\t\t\t\t\t<\/p><p class=\"lqd-throwable-element d-inline-block pos-abs pos-tl ws-nowrap m-0 pointer-events-auto user-select-none elementor-repeater-item-af3de4e\" data-lqd-throwable-el style=\"opacity: 0;\">\n\t\t\t\t\t\t<span class=\"lqd-throwable-element-rot d-inline-block\"> Toplant\u0131 ve Etkinlik Alan\u0131<\/span>\n\t\t\t\t\t\t<\/p><p class=\"lqd-throwable-element d-inline-block pos-abs pos-tl ws-nowrap m-0 pointer-events-auto user-select-none elementor-repeater-item-5a7d2e4\" data-lqd-throwable-el style=\"opacity: 0;\">\n\t\t\t\t\t\t<span class=\"lqd-throwable-element-rot d-inline-block\">MEFTEK St\u00fcdyo<\/span>\n\t\t\t\t\t\t<\/p>\t\t\t<\/div>\n\t\t\t\t\t\t<\/div>\n\t\t\t\t<\/div>\n\t\t\t\t\t<\/div>\n\t\t<\/div>\n\t\t\t\t<div class=\"elementor-column elementor-col-50 elementor-top-column elementor-element elementor-element-5018f1f7\" data-id=\"5018f1f7\" data-element_type=\"column\">\n\t\t\t<div class=\"elementor-widget-wrap elementor-element-populated\">\n\t\t\t\t\t\t<div class=\"elementor-element elementor-element-533c95c elementor-widget elementor-widget-hub_fancy_heading\" data-id=\"533c95c\" data-element_type=\"widget\" data-widget_type=\"hub_fancy_heading.default\">\n\t\t\t\t<div class=\"elementor-widget-container\">\n\t\t\t\t\t\n\t\t<div id=\"ld-fancy-heading-69e99125055d2\" class=\"ld-fancy-heading pos-rel\">\n\t\t\t<h2 class=\"ld-fh-element d-inline-block pos-rel  elementor-heading-title lqd-highlight-classic lqd-highlight-grow-left h2\"  > Toplant\u0131 ve Etkinlik Alan\u0131<\/h2>\t\t<\/div>\n\n\t\t\t\t\t\t<\/div>\n\t\t\t\t<\/div>\n\t\t\t\t<div class=\"elementor-element elementor-element-644bbe0 elementor-widget elementor-widget-hub_fancy_heading\" data-id=\"644bbe0\" data-element_type=\"widget\" data-widget_type=\"hub_fancy_heading.default\">\n\t\t\t\t<div class=\"elementor-widget-container\">\n\t\t\t\t\t\n\t\t<div id=\"ld-fancy-heading-69e9912505999\" class=\"ld-fancy-heading pos-rel\">\n\t\t\t<p class=\"ld-fh-element d-inline-block pos-rel  lqd-highlight-classic lqd-highlight-grow-left p\"  > MEFTEK giri\u015fimcileri, toplant\u0131 ve etkinlik alanlar\u0131n\u0131 kullanma hakk\u0131na sahiptirler.<\/p>\t\t<\/div>\n\n\t\t\t\t\t\t<\/div>\n\t\t\t\t<\/div>\n\t\t\t\t\t<\/div>\n\t\t<\/div>\n\t\t\t\t\t<\/div>\n\t\t<\/section>\n\t\t\t\t<\/div>\n\t\t","protected":false},"excerpt":{"rendered":"<p>Ofis\/Masa Deste\u011fi Mentorluk Deste\u011fi Yat\u0131r\u0131mc\u0131 A\u011f\u0131na Eri\u015fim At\u00f6lye \u0130mkanlar\u0131: Altyap\u0131 Deste\u011fi Etkinlik Alan\u0131 Toplant\u0131 ve Etkinlik Alan\u0131 MEFTEK St\u00fcdyo Toplant\u0131 ve Etkinlik Alan\u0131 MEFTEK giri\u015fimcileri, toplant\u0131 ve etkinlik alanlar\u0131n\u0131 kullanma hakk\u0131na sahiptirler.<\/p>\n","protected":false},"author":1,"featured_media":0,"parent":0,"menu_order":0,"comment_status":"closed","ping_status":"closed","template":"","meta":{"footnotes":""},"class_list":["post-8046","page","type-page","status-publish","hentry"],"_links":{"self":[{"href":"https:\/\/meftek.mef.edu.tr\/index.php?rest_route=\/wp\/v2\/pages\/8046","targetHints":{"allow":["GET"]}}],"collection":[{"href":"https:\/\/meftek.mef.edu.tr\/index.php?rest_route=\/wp\/v2\/pages"}],"about":[{"href":"https:\/\/meftek.mef.edu.tr\/index.php?rest_route=\/wp\/v2\/types\/page"}],"author":[{"embeddable":true,"href":"https:\/\/meftek.mef.edu.tr\/index.php?rest_route=\/wp\/v2\/users\/1"}],"replies":[{"embeddable":true,"href":"https:\/\/meftek.mef.edu.tr\/index.php?rest_route=%2Fwp%2Fv2%2Fcomments&post=8046"}],"version-history":[{"count":10,"href":"https:\/\/meftek.mef.edu.tr\/index.php?rest_route=\/wp\/v2\/pages\/8046\/revisions"}],"predecessor-version":[{"id":8218,"href":"https:\/\/meftek.mef.edu.tr\/index.php?rest_route=\/wp\/v2\/pages\/8046\/revisions\/8218"}],"wp:attachment":[{"href":"https:\/\/meftek.mef.edu.tr\/index.php?rest_route=%2Fwp%2Fv2%2Fmedia&parent=8046"}],"curies":[{"name":"wp","href":"https:\/\/api.w.org\/{rel}","templated":true}]}}